{"id":8355,"date":"2026-02-16T23:16:57","date_gmt":"2026-02-16T22:16:57","guid":{"rendered":"https:\/\/www.schachzentrum-baden-baden.de\/?page_id=8355"},"modified":"2026-02-16T23:18:44","modified_gmt":"2026-02-16T22:18:44","slug":"grenke-schachfestival","status":"publish","type":"page","link":"https:\/\/www.schachzentrum-baden-baden.de\/?page_id=8355","title":{"rendered":"grenke Schachfestival"},"content":{"rendered":"\n<p>Wenn sich zu Ostern Tausende\u00a0Schachfans in einer Halle versammeln und Weltstars nur wenige Meter entfernt von ambitionierten Vereinsspielern sitzen, dann ist wieder\u00a0<strong>grenke Schachfestival.<\/strong><\/p>\n\n\n\n<p>Die Schwarzwaldhalle Karlsruhe ist\u00a0ein Ort, an dem Spitzenschach, Breite und Begegnung zusammenkommen \u2013 international gepr\u00e4gt und in dieser Gr\u00f6\u00dfenordnung au\u00dfergew\u00f6hnlich.<\/p>\n\n\n\n<h3>Zwei Turniere, ein Festival<\/h3>\n\n\n\n<p>Das grenke Schachfestival vereint zwei Wettbewerbe unter einem Dach:<\/p>\n\n\n\n<ul>\n<li>das&nbsp;<a href=\"https:\/\/grenkechessopen.de\/images\/ausschreibung\/2026\/AussgrenkeChessOpen2026.pdf\">grenke Chess Open<\/a>&nbsp;(klassisches Schach)<\/li>\n\n\n\n<li>das&nbsp;<a href=\"https:\/\/grenkechessopen.de\/images\/ausschreibung\/2026\/AussgrenkeFreestyleChessOpen2026.pdf\">grenke Freestyle Chess Open<\/a>&nbsp;(Freestyle)<\/li>\n<\/ul>\n\n\n\n<p>Beide Turniere sind offen und werden im selben Turnierraum ausgetragen. Dabei\u00a0wird das Teilnehmerfeld jeweils in die drei Kategorien A, B und C aufgeteilt. Die Besonderheit liegt dabei in der\u00a0<strong>Kombination aus internationaler Weltspitze, hoher sportlicher Bedeutung und der schieren Gr\u00f6\u00dfe des Teilnehmerfeldes<\/strong>.\u00a0<\/p>\n\n\n\n<p>\u201eKarlsruhe steht seit Jahren f\u00fcr offenes Schach in au\u00dfergew\u00f6hnlicher Gr\u00f6\u00dfe\u201c, sagt&nbsp;<strong>Sven Noppes<\/strong>, Turnierdirektor des grenke Schachfestivals.&nbsp;<\/p>\n","protected":false},"excerpt":{"rendered":"<p>Wenn sich zu Ostern Tausende\u00a0Schachfans in einer Halle versammeln und Weltstars nur wenige Meter entfernt von ambitionierten Vereinsspielern sitzen, dann ist wieder\u00a0grenke Schachfestival. Die Schwarzwaldhalle Karlsruhe ist\u00a0ein Ort, an dem [&hellip;]<\/p>\n","protected":false},"author":4516,"featured_media":0,"parent":0,"menu_order":0,"comment_status":"closed","ping_status":"closed","template":"","meta":[],"_links":{"self":[{"href":"https:\/\/www.schachzentrum-baden-baden.de\/index.php?rest_route=\/wp\/v2\/pages\/8355"}],"collection":[{"href":"https:\/\/www.schachzentrum-baden-baden.de\/index.php?rest_route=\/wp\/v2\/pages"}],"about":[{"href":"https:\/\/www.schachzentrum-baden-baden.de\/index.php?rest_route=\/wp\/v2\/types\/page"}],"author":[{"embeddable":true,"href":"https:\/\/www.schachzentrum-baden-baden.de\/index.php?rest_route=\/wp\/v2\/users\/4516"}],"replies":[{"embeddable":true,"href":"https:\/\/www.schachzentrum-baden-baden.de\/index.php?rest_route=%2Fwp%2Fv2%2Fcomments&post=8355"}],"version-history":[{"count":3,"href":"https:\/\/www.schachzentrum-baden-baden.de\/index.php?rest_route=\/wp\/v2\/pages\/8355\/revisions"}],"predecessor-version":[{"id":8358,"href":"https:\/\/www.schachzentrum-baden-baden.de\/index.php?rest_route=\/wp\/v2\/pages\/8355\/revisions\/8358"}],"wp:attachment":[{"href":"https:\/\/www.schachzentrum-baden-baden.de\/index.php?rest_route=%2Fwp%2Fv2%2Fmedia&parent=8355"}],"curies":[{"name":"wp","href":"https:\/\/api.w.org\/{rel}","templated":true}]}}