{"id":62,"date":"2006-12-19T06:18:46","date_gmt":"2006-12-19T05:18:46","guid":{"rendered":"http:\/\/217.25.128.12\/?page_id=62"},"modified":"2006-12-19T06:34:24","modified_gmt":"2006-12-19T05:34:24","slug":"grenke-leasing-cup-baden-wurttembergischer-schulschach-pokal","status":"publish","type":"page","link":"https:\/\/www.schachzentrum-baden-baden.de\/?page_id=62","title":{"rendered":"Grenke-Leasing-Cup &#8211; Baden-W\u00fcrttembergischer Schulschach-Pokal 1997"},"content":{"rendered":"<p>Am 25. Juli 97 fand der Schulschach-Pokal statt. 800 Sch\u00fcler und Sch\u00fclerinnen in 165 Teams konnten in der Rheintalhalle begr\u00fc\u00dft werden. Die Veranstaltung wurde von der GLG Grenke-Leasing GmbH, der Stadtsparkasse Baden-Baden und dem Karpow-Schachzentrum Baden-Baden mit Unterst\u00fctzung der Schachjugend Baden und der W\u00fcrttembergischen Schachjugend gesponsort. Die Bewirtung \u00fcbernahm der Schachclub Baden-Oos.<br \/>\nIn zwei Altersklassen wurden unter der Schirmherrschaft der Kultusministerin Dr. Schavan Pokale ausgespielt. Auch f\u00fcr die beste Real- und Hauptschul- sowie M\u00e4dchenmannschaft und f\u00fcr das j\u00fcngste Team, einer Kindergartenmannschaft, wurden Preise ausgelobt.<br \/>\nNeben den schachsportlichen Veranstaltungen fand im Foyer der Halle eine (Verkaufs-)Ausstellung von Schachliteratur und eine Pr\u00e4sentation des 3D-Schachspiels statt.<br \/>\nAuch 1998 wird der Grenke-Leasing-Cup wieder in Baden-Baden stattfinden (24. Juli).<\/p>\n","protected":false},"excerpt":{"rendered":"<p>Am 25. Juli 97 fand der Schulschach-Pokal statt. 800 Sch\u00fcler und Sch\u00fclerinnen in 165 Teams konnten in der Rheintalhalle begr\u00fc\u00dft werden. Die Veranstaltung wurde von der GLG Grenke-Leasing GmbH, der [&hellip;]<\/p>\n","protected":false},"author":1,"featured_media":0,"parent":61,"menu_order":0,"comment_status":"closed","ping_status":"closed","template":"","meta":[],"_links":{"self":[{"href":"https:\/\/www.schachzentrum-baden-baden.de\/index.php?rest_route=\/wp\/v2\/pages\/62"}],"collection":[{"href":"https:\/\/www.schachzentrum-baden-baden.de\/index.php?rest_route=\/wp\/v2\/pages"}],"about":[{"href":"https:\/\/www.schachzentrum-baden-baden.de\/index.php?rest_route=\/wp\/v2\/types\/page"}],"author":[{"embeddable":true,"href":"https:\/\/www.schachzentrum-baden-baden.de\/index.php?rest_route=\/wp\/v2\/users\/1"}],"replies":[{"embeddable":true,"href":"https:\/\/www.schachzentrum-baden-baden.de\/index.php?rest_route=%2Fwp%2Fv2%2Fcomments&post=62"}],"version-history":[{"count":0,"href":"https:\/\/www.schachzentrum-baden-baden.de\/index.php?rest_route=\/wp\/v2\/pages\/62\/revisions"}],"up":[{"embeddable":true,"href":"https:\/\/www.schachzentrum-baden-baden.de\/index.php?rest_route=\/wp\/v2\/pages\/61"}],"wp:attachment":[{"href":"https:\/\/www.schachzentrum-baden-baden.de\/index.php?rest_route=%2Fwp%2Fv2%2Fmedia&parent=62"}],"curies":[{"name":"wp","href":"https:\/\/api.w.org\/{rel}","templated":true}]}}